{"id":7163,"date":"2026-03-09T18:46:13","date_gmt":"2026-03-09T21:46:13","guid":{"rendered":"https:\/\/dtchile.cl\/?post_type=product&#038;p=7163"},"modified":"2026-03-09T18:46:14","modified_gmt":"2026-03-09T21:46:14","slug":"tarjeta-microsd-128gb-uhs-i-clase-10-v10-a1-adata","status":"publish","type":"product","link":"https:\/\/dtchile.cl\/es\/product\/tarjeta-microsd-128gb-uhs-i-clase-10-v10-a1-adata\/","title":{"rendered":"TARJETA MICROSD 128GB UHS-I Clase 10 V10 A1 ADATA"},"content":{"rendered":"<p><strong>Transferencia r\u00e1pida de hasta 100MB\/s<\/strong><br \/>\nCon la calificaci\u00f3n UHS-I Clase 10, la velocidad m\u00e1xima secuencial de las tarjetas de memoria Premier microSDXC\/SDHC alcanza los 100MB por segundo, permitiendo a los usuarios transferir r\u00e1pidamente los datos entre tel\u00e9fonos inteligentes\/tabletas y ordenadores sin retardos frustrantes.<\/p>\n<p><strong>Clase 10 y V10 \u2013 Soporta grabaci\u00f3n de v\u00eddeo Full HD<\/strong><br \/>\nCumpliendo con los requisitos de velocidad de datos de clase 10, las tarjetas de memoria Premier microSDXC\/SDHC UHS-I Clase 10 admiten la grabaci\u00f3n de v\u00eddeo Full HD 1080p, permitiendo a los usuarios capturar cada escena con un detalle impresionante y natural. Tambi\u00e9n cumplen con las especificaciones V10 (clase de velocidad de v\u00eddeo), lo que significa que pueden grabar hasta 10MB de v\u00eddeo por segundo.<\/p>\n<p><strong>Alta compatibilidad en m\u00faltiples dispositivos<\/strong><br \/>\nCon una alta compatibilidad, las tarjetas de memoria Premier microSDXC\/SDHC UHS-I admiten tel\u00e9fonos inteligentes, tabletas, c\u00e1maras digitales y grabadoras de v\u00eddeo con el adaptador de tarjetas SD incluido. Las tarjetas de memoria Premier microSDXC\/SDHC UHS-I ofrecen hasta 256GB de expansi\u00f3n de almacenamiento, por lo que se puede grabar contenido de alta calidad sin temor a quedarse pronto sin espacio.<\/p>","protected":false},"excerpt":{"rendered":"<p>Con una calificaci\u00f3n de rendimiento Clase 10, las tarjetas de memoria Premier microSDXC\/SDHC UHS-I permiten la grabaci\u00f3n ininterrumpida y de alta calidad de v\u00eddeo Full HD en tel\u00e9fonos inteligentes y tabletas. Tambi\u00e9n cumplen el est\u00e1ndar A1 para una ejecuci\u00f3n m\u00e1s r\u00e1pida y fluida de las aplicaciones. Al contar con la calificaci\u00f3n V10 (clase de velocidad de v\u00eddeo), pueden grabar hasta 10 MB de v\u00eddeo por segundo.<\/p>","protected":false},"featured_media":7164,"template":"","meta":{"_joinchat":[]},"product_brand":[],"product_cat":[22,138],"product_tag":[],"class_list":{"0":"post-7163","1":"product","2":"type-product","3":"status-publish","4":"has-post-thumbnail","6":"product_cat-almacenamiento","7":"product_cat-tarjetas-micro-sd","9":"first","10":"instock","11":"shipping-taxable","12":"purchasable","13":"product-type-simple"},"yoast_head":"<!-- This site is optimized with the Yoast SEO Premium plugin v24.5 (Yoast SEO v27.4) - https:\/\/yoast.com\/product\/yoast-seo-premium-wordpress\/ -->\n<title>TARJETA MICROSD 128GB UHS-I Clase 10 V10 A1 ADATA - DT CHILE<\/title>\n<meta name=\"robots\" content=\"index, follow, max-snippet:-1, max-image-preview:large, max-video-preview:-1\" \/>\n<link rel=\"canonical\" href=\"https:\/\/dtchile.cl\/es\/product\/tarjeta-microsd-128gb-uhs-i-clase-10-v10-a1-adata\/\" \/>\n<meta property=\"og:locale\" content=\"es_ES\" \/>\n<meta property=\"og:type\" content=\"article\" \/>\n<meta property=\"og:title\" content=\"TARJETA MICROSD 128GB UHS-I Clase 10 V10 A1 ADATA\" \/>\n<meta property=\"og:description\" content=\"Con una calificaci\u00f3n de rendimiento Clase 10, las tarjetas de memoria Premier microSDXC\/SDHC UHS-I permiten la grabaci\u00f3n ininterrumpida y de alta calidad de v\u00eddeo Full HD en tel\u00e9fonos inteligentes y tabletas. Tambi\u00e9n cumplen el est\u00e1ndar A1 para una ejecuci\u00f3n m\u00e1s r\u00e1pida y fluida de las aplicaciones. Al contar con la calificaci\u00f3n V10 (clase de velocidad de v\u00eddeo), pueden grabar hasta 10 MB de v\u00eddeo por segundo.\" \/>\n<meta property=\"og:url\" content=\"https:\/\/dtchile.cl\/es\/product\/tarjeta-microsd-128gb-uhs-i-clase-10-v10-a1-adata\/\" \/>\n<meta property=\"og:site_name\" content=\"DT CHILE\" \/>\n<meta property=\"article:publisher\" content=\"https:\/\/web.facebook.com\/Dtchile.Maule?locale=es_LA\" \/>\n<meta property=\"article:modified_time\" content=\"2026-03-09T21:46:14+00:00\" \/>\n<meta property=\"og:image\" content=\"https:\/\/dtchile.cl\/wp-content\/uploads\/2026\/03\/ausdx128guicl10a1-ra-0.jpg\" \/>\n\t<meta property=\"og:image:width\" content=\"1200\" \/>\n\t<meta property=\"og:image:height\" content=\"1200\" \/>\n\t<meta property=\"og:image:type\" content=\"image\/jpeg\" \/>\n<meta name=\"twitter:card\" content=\"summary_large_image\" \/>\n<meta name=\"twitter:label1\" content=\"Tiempo estimado de lectura\" \/>\n\t<meta name=\"twitter:data1\" content=\"2 minutos\" \/>\n<script type=\"application\/ld+json\" class=\"yoast-schema-graph\">{\"@context\":\"https:\\\/\\\/schema.org\",\"@graph\":[{\"@type\":\"WebPage\",\"@id\":\"https:\\\/\\\/dtchile.cl\\\/product\\\/tarjeta-microsd-128gb-uhs-i-clase-10-v10-a1-adata\\\/\",\"url\":\"https:\\\/\\\/dtchile.cl\\\/product\\\/tarjeta-microsd-128gb-uhs-i-clase-10-v10-a1-adata\\\/\",\"name\":\"TARJETA MICROSD 128GB UHS-I Clase 10 V10 A1 ADATA - DT CHILE\",\"isPartOf\":{\"@id\":\"https:\\\/\\\/dtchile.cl\\\/#website\"},\"primaryImageOfPage\":{\"@id\":\"https:\\\/\\\/dtchile.cl\\\/product\\\/tarjeta-microsd-128gb-uhs-i-clase-10-v10-a1-adata\\\/#primaryimage\"},\"image\":{\"@id\":\"https:\\\/\\\/dtchile.cl\\\/product\\\/tarjeta-microsd-128gb-uhs-i-clase-10-v10-a1-adata\\\/#primaryimage\"},\"thumbnailUrl\":\"https:\\\/\\\/dtchile.cl\\\/wp-content\\\/uploads\\\/2026\\\/03\\\/ausdx128guicl10a1-ra-0.jpg\",\"datePublished\":\"2026-03-09T21:46:13+00:00\",\"dateModified\":\"2026-03-09T21:46:14+00:00\",\"breadcrumb\":{\"@id\":\"https:\\\/\\\/dtchile.cl\\\/product\\\/tarjeta-microsd-128gb-uhs-i-clase-10-v10-a1-adata\\\/#breadcrumb\"},\"inLanguage\":\"es-CL\",\"potentialAction\":[{\"@type\":\"ReadAction\",\"target\":[\"https:\\\/\\\/dtchile.cl\\\/product\\\/tarjeta-microsd-128gb-uhs-i-clase-10-v10-a1-adata\\\/\"]}]},{\"@type\":\"ImageObject\",\"inLanguage\":\"es-CL\",\"@id\":\"https:\\\/\\\/dtchile.cl\\\/product\\\/tarjeta-microsd-128gb-uhs-i-clase-10-v10-a1-adata\\\/#primaryimage\",\"url\":\"https:\\\/\\\/dtchile.cl\\\/wp-content\\\/uploads\\\/2026\\\/03\\\/ausdx128guicl10a1-ra-0.jpg\",\"contentUrl\":\"https:\\\/\\\/dtchile.cl\\\/wp-content\\\/uploads\\\/2026\\\/03\\\/ausdx128guicl10a1-ra-0.jpg\",\"width\":1200,\"height\":1200},{\"@type\":\"BreadcrumbList\",\"@id\":\"https:\\\/\\\/dtchile.cl\\\/product\\\/tarjeta-microsd-128gb-uhs-i-clase-10-v10-a1-adata\\\/#breadcrumb\",\"itemListElement\":[{\"@type\":\"ListItem\",\"position\":1,\"name\":\"Portada\",\"item\":\"https:\\\/\\\/dtchile.cl\\\/\"},{\"@type\":\"ListItem\",\"position\":2,\"name\":\"Shop\",\"item\":\"https:\\\/\\\/dtchile.cl\\\/shop\\\/\"},{\"@type\":\"ListItem\",\"position\":3,\"name\":\"TARJETA MICROSD 128GB UHS-I Clase 10 V10 A1 ADATA\"}]},{\"@type\":\"WebSite\",\"@id\":\"https:\\\/\\\/dtchile.cl\\\/#website\",\"url\":\"https:\\\/\\\/dtchile.cl\\\/\",\"name\":\"DT CHILE\",\"description\":\"COMPUTACI\u00d3N\",\"publisher\":{\"@id\":\"https:\\\/\\\/dtchile.cl\\\/#organization\"},\"potentialAction\":[{\"@type\":\"SearchAction\",\"target\":{\"@type\":\"EntryPoint\",\"urlTemplate\":\"https:\\\/\\\/dtchile.cl\\\/?s={search_term_string}\"},\"query-input\":{\"@type\":\"PropertyValueSpecification\",\"valueRequired\":true,\"valueName\":\"search_term_string\"}}],\"inLanguage\":\"es-CL\"},{\"@type\":\"Organization\",\"@id\":\"https:\\\/\\\/dtchile.cl\\\/#organization\",\"name\":\"DT CHILE\",\"url\":\"https:\\\/\\\/dtchile.cl\\\/\",\"logo\":{\"@type\":\"ImageObject\",\"inLanguage\":\"es-CL\",\"@id\":\"https:\\\/\\\/dtchile.cl\\\/#\\\/schema\\\/logo\\\/image\\\/\",\"url\":\"https:\\\/\\\/dtchile.cl\\\/wp-content\\\/uploads\\\/2023\\\/05\\\/logo.png\",\"contentUrl\":\"https:\\\/\\\/dtchile.cl\\\/wp-content\\\/uploads\\\/2023\\\/05\\\/logo.png\",\"width\":1280,\"height\":363,\"caption\":\"DT CHILE\"},\"image\":{\"@id\":\"https:\\\/\\\/dtchile.cl\\\/#\\\/schema\\\/logo\\\/image\\\/\"},\"sameAs\":[\"https:\\\/\\\/web.facebook.com\\\/Dtchile.Maule?locale=es_LA\",\"https:\\\/\\\/www.instagram.com\\\/dtchile_computacion\"]}]}<\/script>\n<!-- \/ Yoast SEO Premium plugin. -->","yoast_head_json":{"title":"TARJETA MICROSD 128GB UHS-I Clase 10 V10 A1 ADATA - DT CHILE","robots":{"index":"index","follow":"follow","max-snippet":"max-snippet:-1","max-image-preview":"max-image-preview:large","max-video-preview":"max-video-preview:-1"},"canonical":"https:\/\/dtchile.cl\/es\/product\/tarjeta-microsd-128gb-uhs-i-clase-10-v10-a1-adata\/","og_locale":"es_ES","og_type":"article","og_title":"TARJETA MICROSD 128GB UHS-I Clase 10 V10 A1 ADATA","og_description":"Con una calificaci\u00f3n de rendimiento Clase 10, las tarjetas de memoria Premier microSDXC\/SDHC UHS-I permiten la grabaci\u00f3n ininterrumpida y de alta calidad de v\u00eddeo Full HD en tel\u00e9fonos inteligentes y tabletas. Tambi\u00e9n cumplen el est\u00e1ndar A1 para una ejecuci\u00f3n m\u00e1s r\u00e1pida y fluida de las aplicaciones. Al contar con la calificaci\u00f3n V10 (clase de velocidad de v\u00eddeo), pueden grabar hasta 10 MB de v\u00eddeo por segundo.","og_url":"https:\/\/dtchile.cl\/es\/product\/tarjeta-microsd-128gb-uhs-i-clase-10-v10-a1-adata\/","og_site_name":"DT CHILE","article_publisher":"https:\/\/web.facebook.com\/Dtchile.Maule?locale=es_LA","article_modified_time":"2026-03-09T21:46:14+00:00","og_image":[{"width":1200,"height":1200,"url":"https:\/\/dtchile.cl\/wp-content\/uploads\/2026\/03\/ausdx128guicl10a1-ra-0.jpg","type":"image\/jpeg"}],"twitter_card":"summary_large_image","twitter_misc":{"Tiempo estimado de lectura":"2 minutos"},"schema":{"@context":"https:\/\/schema.org","@graph":[{"@type":"WebPage","@id":"https:\/\/dtchile.cl\/product\/tarjeta-microsd-128gb-uhs-i-clase-10-v10-a1-adata\/","url":"https:\/\/dtchile.cl\/product\/tarjeta-microsd-128gb-uhs-i-clase-10-v10-a1-adata\/","name":"TARJETA MICROSD 128GB UHS-I Clase 10 V10 A1 ADATA - DT CHILE","isPartOf":{"@id":"https:\/\/dtchile.cl\/#website"},"primaryImageOfPage":{"@id":"https:\/\/dtchile.cl\/product\/tarjeta-microsd-128gb-uhs-i-clase-10-v10-a1-adata\/#primaryimage"},"image":{"@id":"https:\/\/dtchile.cl\/product\/tarjeta-microsd-128gb-uhs-i-clase-10-v10-a1-adata\/#primaryimage"},"thumbnailUrl":"https:\/\/dtchile.cl\/wp-content\/uploads\/2026\/03\/ausdx128guicl10a1-ra-0.jpg","datePublished":"2026-03-09T21:46:13+00:00","dateModified":"2026-03-09T21:46:14+00:00","breadcrumb":{"@id":"https:\/\/dtchile.cl\/product\/tarjeta-microsd-128gb-uhs-i-clase-10-v10-a1-adata\/#breadcrumb"},"inLanguage":"es-CL","potentialAction":[{"@type":"ReadAction","target":["https:\/\/dtchile.cl\/product\/tarjeta-microsd-128gb-uhs-i-clase-10-v10-a1-adata\/"]}]},{"@type":"ImageObject","inLanguage":"es-CL","@id":"https:\/\/dtchile.cl\/product\/tarjeta-microsd-128gb-uhs-i-clase-10-v10-a1-adata\/#primaryimage","url":"https:\/\/dtchile.cl\/wp-content\/uploads\/2026\/03\/ausdx128guicl10a1-ra-0.jpg","contentUrl":"https:\/\/dtchile.cl\/wp-content\/uploads\/2026\/03\/ausdx128guicl10a1-ra-0.jpg","width":1200,"height":1200},{"@type":"BreadcrumbList","@id":"https:\/\/dtchile.cl\/product\/tarjeta-microsd-128gb-uhs-i-clase-10-v10-a1-adata\/#breadcrumb","itemListElement":[{"@type":"ListItem","position":1,"name":"Portada","item":"https:\/\/dtchile.cl\/"},{"@type":"ListItem","position":2,"name":"Shop","item":"https:\/\/dtchile.cl\/shop\/"},{"@type":"ListItem","position":3,"name":"TARJETA MICROSD 128GB UHS-I Clase 10 V10 A1 ADATA"}]},{"@type":"WebSite","@id":"https:\/\/dtchile.cl\/#website","url":"https:\/\/dtchile.cl\/","name":"DT CHILE","description":"COMPUTACI\u00d3N","publisher":{"@id":"https:\/\/dtchile.cl\/#organization"},"potentialAction":[{"@type":"SearchAction","target":{"@type":"EntryPoint","urlTemplate":"https:\/\/dtchile.cl\/?s={search_term_string}"},"query-input":{"@type":"PropertyValueSpecification","valueRequired":true,"valueName":"search_term_string"}}],"inLanguage":"es-CL"},{"@type":"Organization","@id":"https:\/\/dtchile.cl\/#organization","name":"DT CHILE","url":"https:\/\/dtchile.cl\/","logo":{"@type":"ImageObject","inLanguage":"es-CL","@id":"https:\/\/dtchile.cl\/#\/schema\/logo\/image\/","url":"https:\/\/dtchile.cl\/wp-content\/uploads\/2023\/05\/logo.png","contentUrl":"https:\/\/dtchile.cl\/wp-content\/uploads\/2023\/05\/logo.png","width":1280,"height":363,"caption":"DT CHILE"},"image":{"@id":"https:\/\/dtchile.cl\/#\/schema\/logo\/image\/"},"sameAs":["https:\/\/web.facebook.com\/Dtchile.Maule?locale=es_LA","https:\/\/www.instagram.com\/dtchile_computacion"]}]}},"_links":{"self":[{"href":"https:\/\/dtchile.cl\/es\/wp-json\/wp\/v2\/product\/7163","targetHints":{"allow":["GET"]}}],"collection":[{"href":"https:\/\/dtchile.cl\/es\/wp-json\/wp\/v2\/product"}],"about":[{"href":"https:\/\/dtchile.cl\/es\/wp-json\/wp\/v2\/types\/product"}],"wp:featuredmedia":[{"embeddable":true,"href":"https:\/\/dtchile.cl\/es\/wp-json\/wp\/v2\/media\/7164"}],"wp:attachment":[{"href":"https:\/\/dtchile.cl\/es\/wp-json\/wp\/v2\/media?parent=7163"}],"wp:term":[{"taxonomy":"product_brand","embeddable":true,"href":"https:\/\/dtchile.cl\/es\/wp-json\/wp\/v2\/product_brand?post=7163"},{"taxonomy":"product_cat","embeddable":true,"href":"https:\/\/dtchile.cl\/es\/wp-json\/wp\/v2\/product_cat?post=7163"},{"taxonomy":"product_tag","embeddable":true,"href":"https:\/\/dtchile.cl\/es\/wp-json\/wp\/v2\/product_tag?post=7163"}],"curies":[{"name":"wp","href":"https:\/\/api.w.org\/{rel}","templated":true}]}}