{"id":5576,"date":"2023-08-03T13:39:38","date_gmt":"2023-08-03T17:39:38","guid":{"rendered":"https:\/\/dtchile.cl\/?post_type=product&#038;p=5576"},"modified":"2023-08-03T13:39:38","modified_gmt":"2023-08-03T17:39:38","slug":"transmisor-fm-bluetooth-cargador-de-auto-tecmaster","status":"publish","type":"product","link":"https:\/\/dtchile.cl\/es\/product\/transmisor-fm-bluetooth-cargador-de-auto-tecmaster\/","title":{"rendered":"TRANSMISOR FM BLUETOOTH \/ CARGADOR DE AUTO TECMASTER"},"content":{"rendered":"<p>Especificaciones:<\/p>\n<ul>\n<li>Versi\u00f3n Bluetooth: 5.0.<\/li>\n<li>Distorsi\u00f3n: &lt;0.1%<\/li>\n<li>Modo FM: Est\u00e9reo, PLL Digital.<\/li>\n<li>Distancia de trabajo: 10-15Mts<\/li>\n<li>Relaci\u00f3n de audio de se\u00f1al: &gt;60db<\/li>\n<li>Voltaje de funcionamiento: 12V &#8211; 24V.<\/li>\n<li>Distancia M\u00e1xima de Micr\u00f3fono: 0-1<\/li>\n<li>Frecuencia de respuesta: 20Hz &#8211; 15Khz<\/li>\n<li>Puerto USB 5V\/Cargador 2.5 Amp. M\u00e1ximo.<\/li>\n<li>Indicador de carga de bater\u00eda del veh\u00edculo.<\/li>\n<li>Formatos compatibles de m\u00fasica: Mp3\/Wma\/Flv<\/li>\n<li>Frecuencia de transmisor FM: 87.5 Mhz &#8211; 108.0 Mhz<\/li>\n<\/ul>","protected":false},"excerpt":{"rendered":"<p>Especificaciones: Versi\u00f3n Bluetooth: 5.0. Distorsi\u00f3n: &lt;0.1% Modo FM: Est\u00e9reo, PLL Digital. Distancia de trabajo: 10-15Mts Relaci\u00f3n de audio de se\u00f1al: &gt;60db Voltaje de funcionamiento: 12V &#8211; 24V. Distancia M\u00e1xima de Micr\u00f3fono: 0-1 Frecuencia de respuesta: 20Hz &#8211; 15Khz Puerto USB 5V\/Cargador 2.5 Amp. M\u00e1ximo. Indicador de carga de bater\u00eda del veh\u00edculo. Formatos compatibles de m\u00fasica:[&#8230;]<\/p>\n","protected":false},"featured_media":5577,"template":"","meta":{"_joinchat":[]},"product_brand":[],"product_cat":[174],"product_tag":[],"class_list":{"0":"post-5576","1":"product","2":"type-product","3":"status-publish","4":"has-post-thumbnail","6":"product_cat-otros-2","8":"first","9":"instock","10":"shipping-taxable","11":"purchasable","12":"product-type-simple"},"yoast_head":"<!-- This site is optimized with the Yoast SEO Premium plugin v24.5 (Yoast SEO v27.4) - https:\/\/yoast.com\/product\/yoast-seo-premium-wordpress\/ -->\n<title>TRANSMISOR FM BLUETOOTH \/ CARGADOR DE AUTO TECMASTER - DT CHILE<\/title>\n<meta name=\"robots\" content=\"index, follow, max-snippet:-1, max-image-preview:large, max-video-preview:-1\" \/>\n<link rel=\"canonical\" href=\"https:\/\/dtchile.cl\/es\/product\/transmisor-fm-bluetooth-cargador-de-auto-tecmaster\/\" \/>\n<meta property=\"og:locale\" content=\"es_ES\" \/>\n<meta property=\"og:type\" content=\"article\" \/>\n<meta property=\"og:title\" content=\"TRANSMISOR FM BLUETOOTH \/ CARGADOR DE AUTO TECMASTER\" \/>\n<meta property=\"og:description\" content=\"Especificaciones: Versi\u00f3n Bluetooth: 5.0. Distorsi\u00f3n: &lt;0.1% Modo FM: Est\u00e9reo, PLL Digital. Distancia de trabajo: 10-15Mts Relaci\u00f3n de audio de se\u00f1al: &gt;60db Voltaje de funcionamiento: 12V &#8211; 24V. Distancia M\u00e1xima de Micr\u00f3fono: 0-1 Frecuencia de respuesta: 20Hz &#8211; 15Khz Puerto USB 5V\/Cargador 2.5 Amp. M\u00e1ximo. Indicador de carga de bater\u00eda del veh\u00edculo. Formatos compatibles de m\u00fasica:[...]\" \/>\n<meta property=\"og:url\" content=\"https:\/\/dtchile.cl\/es\/product\/transmisor-fm-bluetooth-cargador-de-auto-tecmaster\/\" \/>\n<meta property=\"og:site_name\" content=\"DT CHILE\" \/>\n<meta property=\"article:publisher\" content=\"https:\/\/web.facebook.com\/Dtchile.Maule?locale=es_LA\" \/>\n<meta property=\"og:image\" content=\"https:\/\/dtchile.cl\/wp-content\/uploads\/2023\/08\/1-17.jpg\" \/>\n\t<meta property=\"og:image:width\" content=\"1200\" \/>\n\t<meta property=\"og:image:height\" content=\"1200\" \/>\n\t<meta property=\"og:image:type\" content=\"image\/jpeg\" \/>\n<meta name=\"twitter:card\" content=\"summary_large_image\" \/>\n<script type=\"application\/ld+json\" class=\"yoast-schema-graph\">{\"@context\":\"https:\\\/\\\/schema.org\",\"@graph\":[{\"@type\":\"WebPage\",\"@id\":\"https:\\\/\\\/dtchile.cl\\\/product\\\/transmisor-fm-bluetooth-cargador-de-auto-tecmaster\\\/\",\"url\":\"https:\\\/\\\/dtchile.cl\\\/product\\\/transmisor-fm-bluetooth-cargador-de-auto-tecmaster\\\/\",\"name\":\"TRANSMISOR FM BLUETOOTH \\\/ CARGADOR DE AUTO TECMASTER - DT CHILE\",\"isPartOf\":{\"@id\":\"https:\\\/\\\/dtchile.cl\\\/#website\"},\"primaryImageOfPage\":{\"@id\":\"https:\\\/\\\/dtchile.cl\\\/product\\\/transmisor-fm-bluetooth-cargador-de-auto-tecmaster\\\/#primaryimage\"},\"image\":{\"@id\":\"https:\\\/\\\/dtchile.cl\\\/product\\\/transmisor-fm-bluetooth-cargador-de-auto-tecmaster\\\/#primaryimage\"},\"thumbnailUrl\":\"https:\\\/\\\/dtchile.cl\\\/wp-content\\\/uploads\\\/2023\\\/08\\\/1-17.jpg\",\"datePublished\":\"2023-08-03T17:39:38+00:00\",\"breadcrumb\":{\"@id\":\"https:\\\/\\\/dtchile.cl\\\/product\\\/transmisor-fm-bluetooth-cargador-de-auto-tecmaster\\\/#breadcrumb\"},\"inLanguage\":\"es-CL\",\"potentialAction\":[{\"@type\":\"ReadAction\",\"target\":[\"https:\\\/\\\/dtchile.cl\\\/product\\\/transmisor-fm-bluetooth-cargador-de-auto-tecmaster\\\/\"]}]},{\"@type\":\"ImageObject\",\"inLanguage\":\"es-CL\",\"@id\":\"https:\\\/\\\/dtchile.cl\\\/product\\\/transmisor-fm-bluetooth-cargador-de-auto-tecmaster\\\/#primaryimage\",\"url\":\"https:\\\/\\\/dtchile.cl\\\/wp-content\\\/uploads\\\/2023\\\/08\\\/1-17.jpg\",\"contentUrl\":\"https:\\\/\\\/dtchile.cl\\\/wp-content\\\/uploads\\\/2023\\\/08\\\/1-17.jpg\",\"width\":1200,\"height\":1200},{\"@type\":\"BreadcrumbList\",\"@id\":\"https:\\\/\\\/dtchile.cl\\\/product\\\/transmisor-fm-bluetooth-cargador-de-auto-tecmaster\\\/#breadcrumb\",\"itemListElement\":[{\"@type\":\"ListItem\",\"position\":1,\"name\":\"Portada\",\"item\":\"https:\\\/\\\/dtchile.cl\\\/\"},{\"@type\":\"ListItem\",\"position\":2,\"name\":\"Shop\",\"item\":\"https:\\\/\\\/dtchile.cl\\\/shop\\\/\"},{\"@type\":\"ListItem\",\"position\":3,\"name\":\"TRANSMISOR FM BLUETOOTH \\\/ CARGADOR DE AUTO TECMASTER\"}]},{\"@type\":\"WebSite\",\"@id\":\"https:\\\/\\\/dtchile.cl\\\/#website\",\"url\":\"https:\\\/\\\/dtchile.cl\\\/\",\"name\":\"DT CHILE\",\"description\":\"COMPUTACI\u00d3N\",\"publisher\":{\"@id\":\"https:\\\/\\\/dtchile.cl\\\/#organization\"},\"potentialAction\":[{\"@type\":\"SearchAction\",\"target\":{\"@type\":\"EntryPoint\",\"urlTemplate\":\"https:\\\/\\\/dtchile.cl\\\/?s={search_term_string}\"},\"query-input\":{\"@type\":\"PropertyValueSpecification\",\"valueRequired\":true,\"valueName\":\"search_term_string\"}}],\"inLanguage\":\"es-CL\"},{\"@type\":\"Organization\",\"@id\":\"https:\\\/\\\/dtchile.cl\\\/#organization\",\"name\":\"DT CHILE\",\"url\":\"https:\\\/\\\/dtchile.cl\\\/\",\"logo\":{\"@type\":\"ImageObject\",\"inLanguage\":\"es-CL\",\"@id\":\"https:\\\/\\\/dtchile.cl\\\/#\\\/schema\\\/logo\\\/image\\\/\",\"url\":\"https:\\\/\\\/dtchile.cl\\\/wp-content\\\/uploads\\\/2023\\\/05\\\/logo.png\",\"contentUrl\":\"https:\\\/\\\/dtchile.cl\\\/wp-content\\\/uploads\\\/2023\\\/05\\\/logo.png\",\"width\":1280,\"height\":363,\"caption\":\"DT CHILE\"},\"image\":{\"@id\":\"https:\\\/\\\/dtchile.cl\\\/#\\\/schema\\\/logo\\\/image\\\/\"},\"sameAs\":[\"https:\\\/\\\/web.facebook.com\\\/Dtchile.Maule?locale=es_LA\",\"https:\\\/\\\/www.instagram.com\\\/dtchile_computacion\"]}]}<\/script>\n<!-- \/ Yoast SEO Premium plugin. -->","yoast_head_json":{"title":"TRANSMISOR FM BLUETOOTH \/ CARGADOR DE AUTO TECMASTER - DT CHILE","robots":{"index":"index","follow":"follow","max-snippet":"max-snippet:-1","max-image-preview":"max-image-preview:large","max-video-preview":"max-video-preview:-1"},"canonical":"https:\/\/dtchile.cl\/es\/product\/transmisor-fm-bluetooth-cargador-de-auto-tecmaster\/","og_locale":"es_ES","og_type":"article","og_title":"TRANSMISOR FM BLUETOOTH \/ CARGADOR DE AUTO TECMASTER","og_description":"Especificaciones: Versi\u00f3n Bluetooth: 5.0. Distorsi\u00f3n: &lt;0.1% Modo FM: Est\u00e9reo, PLL Digital. Distancia de trabajo: 10-15Mts Relaci\u00f3n de audio de se\u00f1al: &gt;60db Voltaje de funcionamiento: 12V &#8211; 24V. Distancia M\u00e1xima de Micr\u00f3fono: 0-1 Frecuencia de respuesta: 20Hz &#8211; 15Khz Puerto USB 5V\/Cargador 2.5 Amp. M\u00e1ximo. Indicador de carga de bater\u00eda del veh\u00edculo. Formatos compatibles de m\u00fasica:[...]","og_url":"https:\/\/dtchile.cl\/es\/product\/transmisor-fm-bluetooth-cargador-de-auto-tecmaster\/","og_site_name":"DT CHILE","article_publisher":"https:\/\/web.facebook.com\/Dtchile.Maule?locale=es_LA","og_image":[{"width":1200,"height":1200,"url":"https:\/\/dtchile.cl\/wp-content\/uploads\/2023\/08\/1-17.jpg","type":"image\/jpeg"}],"twitter_card":"summary_large_image","schema":{"@context":"https:\/\/schema.org","@graph":[{"@type":"WebPage","@id":"https:\/\/dtchile.cl\/product\/transmisor-fm-bluetooth-cargador-de-auto-tecmaster\/","url":"https:\/\/dtchile.cl\/product\/transmisor-fm-bluetooth-cargador-de-auto-tecmaster\/","name":"TRANSMISOR FM BLUETOOTH \/ CARGADOR DE AUTO TECMASTER - DT CHILE","isPartOf":{"@id":"https:\/\/dtchile.cl\/#website"},"primaryImageOfPage":{"@id":"https:\/\/dtchile.cl\/product\/transmisor-fm-bluetooth-cargador-de-auto-tecmaster\/#primaryimage"},"image":{"@id":"https:\/\/dtchile.cl\/product\/transmisor-fm-bluetooth-cargador-de-auto-tecmaster\/#primaryimage"},"thumbnailUrl":"https:\/\/dtchile.cl\/wp-content\/uploads\/2023\/08\/1-17.jpg","datePublished":"2023-08-03T17:39:38+00:00","breadcrumb":{"@id":"https:\/\/dtchile.cl\/product\/transmisor-fm-bluetooth-cargador-de-auto-tecmaster\/#breadcrumb"},"inLanguage":"es-CL","potentialAction":[{"@type":"ReadAction","target":["https:\/\/dtchile.cl\/product\/transmisor-fm-bluetooth-cargador-de-auto-tecmaster\/"]}]},{"@type":"ImageObject","inLanguage":"es-CL","@id":"https:\/\/dtchile.cl\/product\/transmisor-fm-bluetooth-cargador-de-auto-tecmaster\/#primaryimage","url":"https:\/\/dtchile.cl\/wp-content\/uploads\/2023\/08\/1-17.jpg","contentUrl":"https:\/\/dtchile.cl\/wp-content\/uploads\/2023\/08\/1-17.jpg","width":1200,"height":1200},{"@type":"BreadcrumbList","@id":"https:\/\/dtchile.cl\/product\/transmisor-fm-bluetooth-cargador-de-auto-tecmaster\/#breadcrumb","itemListElement":[{"@type":"ListItem","position":1,"name":"Portada","item":"https:\/\/dtchile.cl\/"},{"@type":"ListItem","position":2,"name":"Shop","item":"https:\/\/dtchile.cl\/shop\/"},{"@type":"ListItem","position":3,"name":"TRANSMISOR FM BLUETOOTH \/ CARGADOR DE AUTO TECMASTER"}]},{"@type":"WebSite","@id":"https:\/\/dtchile.cl\/#website","url":"https:\/\/dtchile.cl\/","name":"DT CHILE","description":"COMPUTACI\u00d3N","publisher":{"@id":"https:\/\/dtchile.cl\/#organization"},"potentialAction":[{"@type":"SearchAction","target":{"@type":"EntryPoint","urlTemplate":"https:\/\/dtchile.cl\/?s={search_term_string}"},"query-input":{"@type":"PropertyValueSpecification","valueRequired":true,"valueName":"search_term_string"}}],"inLanguage":"es-CL"},{"@type":"Organization","@id":"https:\/\/dtchile.cl\/#organization","name":"DT CHILE","url":"https:\/\/dtchile.cl\/","logo":{"@type":"ImageObject","inLanguage":"es-CL","@id":"https:\/\/dtchile.cl\/#\/schema\/logo\/image\/","url":"https:\/\/dtchile.cl\/wp-content\/uploads\/2023\/05\/logo.png","contentUrl":"https:\/\/dtchile.cl\/wp-content\/uploads\/2023\/05\/logo.png","width":1280,"height":363,"caption":"DT CHILE"},"image":{"@id":"https:\/\/dtchile.cl\/#\/schema\/logo\/image\/"},"sameAs":["https:\/\/web.facebook.com\/Dtchile.Maule?locale=es_LA","https:\/\/www.instagram.com\/dtchile_computacion"]}]}},"_links":{"self":[{"href":"https:\/\/dtchile.cl\/es\/wp-json\/wp\/v2\/product\/5576","targetHints":{"allow":["GET"]}}],"collection":[{"href":"https:\/\/dtchile.cl\/es\/wp-json\/wp\/v2\/product"}],"about":[{"href":"https:\/\/dtchile.cl\/es\/wp-json\/wp\/v2\/types\/product"}],"wp:featuredmedia":[{"embeddable":true,"href":"https:\/\/dtchile.cl\/es\/wp-json\/wp\/v2\/media\/5577"}],"wp:attachment":[{"href":"https:\/\/dtchile.cl\/es\/wp-json\/wp\/v2\/media?parent=5576"}],"wp:term":[{"taxonomy":"product_brand","embeddable":true,"href":"https:\/\/dtchile.cl\/es\/wp-json\/wp\/v2\/product_brand?post=5576"},{"taxonomy":"product_cat","embeddable":true,"href":"https:\/\/dtchile.cl\/es\/wp-json\/wp\/v2\/product_cat?post=5576"},{"taxonomy":"product_tag","embeddable":true,"href":"https:\/\/dtchile.cl\/es\/wp-json\/wp\/v2\/product_tag?post=5576"}],"curies":[{"name":"wp","href":"https:\/\/api.w.org\/{rel}","templated":true}]}}