{"id":4429,"date":"2023-06-23T14:39:13","date_gmt":"2023-06-23T18:39:13","guid":{"rendered":"https:\/\/dtchile.cl\/?post_type=product&#038;p=4429"},"modified":"2025-06-18T14:52:59","modified_gmt":"2025-06-18T18:52:59","slug":"teclado-numerico-klipxtreme-abacus","status":"publish","type":"product","link":"https:\/\/dtchile.cl\/es\/product\/teclado-numerico-klipxtreme-abacus\/","title":{"rendered":"TECLADO NUM\u00c9RICO KLIPXTREME ABACUS KNP-100"},"content":{"rendered":"<p><strong>Mayor productividad, en un dise\u00f1o ingeniosamente simple<\/strong><\/p>\n<p>El teclado num\u00e9rico KNP-100 de Klip Xtreme es perfecto para digitar n\u00fameros y tambi\u00e9n para disfrutar tus juegos de video favoritos. Su compacto y estilizado dise\u00f1o es tan pr\u00e1ctico que permite colocarlo sobre el escritorio as\u00ed como llevarlo contigo a todas partes con la misma facilidad. Al adoptar la configuraci\u00f3n autom\u00e1tica para controlador USB m\u00e1s reciente, el dispositivo le ofrece al usuario la ventaja de contar con un teclado num\u00e9rico externo de 19 teclas \u00a1y de inmediato comenzar a realizar c\u00e1lculos matem\u00e1ticos como todo un profesional!<\/p>\n<p>&#8211; Teclado num\u00e9rico est\u00e1ndar de 19 teclas.<br \/>\n&#8211; Teclas num\u00e9ricas grandes para mayor exactitud y velocidad de digitaci\u00f3n.<br \/>\n&#8211; La conectividad USB lo hace compatible con una amplia gama de dispositivos.<br \/>\n&#8211; La funci\u00f3n de bloqueo num\u00e9rico es excelente para quienes trabajan con hojas de c\u00e1lculos, aplicaciones de contabilidad o financieras.<br \/>\n&#8211; Los comandos alternativos del teclado permiten la navegaci\u00f3n a trav\u00e9s de documentos, men\u00fas o p\u00e1ginas web sin usar el mouse.<br \/>\n&#8211; F\u00e1cil de transportar gracias a su dise\u00f1o delgado, elegante y liviano.<br \/>\n&#8211; No necesita configuraci\u00f3n al contar con la detecci\u00f3n autom\u00e1tica plug and play.<br \/>\n&#8211; Compatible con computadoras equipadas con puerto USB, que operan sobre una plataforma Windows o Mac OS.<\/p>\n<p><strong>Especificaciones<\/strong><\/p>\n<p>&#8211; Longitud del cable: 150cm<br \/>\n&#8211; Dimensiones: 11,2&#215;7,6x1cm<br \/>\n&#8211; Interfaz: USB<\/p>","protected":false},"excerpt":{"rendered":"<p>Teclado est\u00e1ndar de 19 teclas, ideal para trabajo de digitaci\u00f3n en equipos sin teclado num\u00e9rico.<\/p>","protected":false},"featured_media":6583,"template":"","meta":{"_joinchat":[]},"product_brand":[],"product_cat":[106],"product_tag":[],"class_list":{"0":"post-4429","1":"product","2":"type-product","3":"status-publish","4":"has-post-thumbnail","6":"product_cat-teclados-numericos","8":"first","9":"instock","10":"shipping-taxable","11":"purchasable","12":"product-type-simple"},"yoast_head":"<!-- This site is optimized with the Yoast SEO Premium plugin v24.5 (Yoast SEO v27.4) - https:\/\/yoast.com\/product\/yoast-seo-premium-wordpress\/ -->\n<title>TECLADO NUM\u00c9RICO KLIPXTREME ABACUS KNP-100 - DT CHILE<\/title>\n<meta name=\"robots\" content=\"index, follow, max-snippet:-1, max-image-preview:large, max-video-preview:-1\" \/>\n<link rel=\"canonical\" href=\"https:\/\/dtchile.cl\/es\/product\/teclado-numerico-klipxtreme-abacus\/\" \/>\n<meta property=\"og:locale\" content=\"es_ES\" \/>\n<meta property=\"og:type\" content=\"article\" \/>\n<meta property=\"og:title\" content=\"TECLADO NUM\u00c9RICO KLIPXTREME ABACUS KNP-100\" \/>\n<meta property=\"og:description\" content=\"Teclado est\u00e1ndar de 19 teclas, ideal para trabajo de digitaci\u00f3n en equipos sin teclado num\u00e9rico.\" \/>\n<meta property=\"og:url\" content=\"https:\/\/dtchile.cl\/es\/product\/teclado-numerico-klipxtreme-abacus\/\" \/>\n<meta property=\"og:site_name\" content=\"DT CHILE\" \/>\n<meta property=\"article:publisher\" content=\"https:\/\/web.facebook.com\/Dtchile.Maule?locale=es_LA\" \/>\n<meta property=\"article:modified_time\" content=\"2025-06-18T18:52:59+00:00\" \/>\n<meta property=\"og:image\" content=\"https:\/\/dtchile.cl\/wp-content\/uploads\/2023\/06\/KNP-100-detalle-00.jpg\" \/>\n\t<meta property=\"og:image:width\" content=\"1300\" \/>\n\t<meta property=\"og:image:height\" content=\"1300\" \/>\n\t<meta property=\"og:image:type\" content=\"image\/jpeg\" \/>\n<meta name=\"twitter:card\" content=\"summary_large_image\" \/>\n<meta name=\"twitter:label1\" content=\"Tiempo estimado de lectura\" \/>\n\t<meta name=\"twitter:data1\" content=\"2 minutos\" \/>\n<script type=\"application\/ld+json\" class=\"yoast-schema-graph\">{\"@context\":\"https:\\\/\\\/schema.org\",\"@graph\":[{\"@type\":\"WebPage\",\"@id\":\"https:\\\/\\\/dtchile.cl\\\/product\\\/teclado-numerico-klipxtreme-abacus\\\/\",\"url\":\"https:\\\/\\\/dtchile.cl\\\/product\\\/teclado-numerico-klipxtreme-abacus\\\/\",\"name\":\"TECLADO NUM\u00c9RICO KLIPXTREME ABACUS KNP-100 - DT CHILE\",\"isPartOf\":{\"@id\":\"https:\\\/\\\/dtchile.cl\\\/#website\"},\"primaryImageOfPage\":{\"@id\":\"https:\\\/\\\/dtchile.cl\\\/product\\\/teclado-numerico-klipxtreme-abacus\\\/#primaryimage\"},\"image\":{\"@id\":\"https:\\\/\\\/dtchile.cl\\\/product\\\/teclado-numerico-klipxtreme-abacus\\\/#primaryimage\"},\"thumbnailUrl\":\"https:\\\/\\\/dtchile.cl\\\/wp-content\\\/uploads\\\/2023\\\/06\\\/KNP-100-detalle-00.jpg\",\"datePublished\":\"2023-06-23T18:39:13+00:00\",\"dateModified\":\"2025-06-18T18:52:59+00:00\",\"breadcrumb\":{\"@id\":\"https:\\\/\\\/dtchile.cl\\\/product\\\/teclado-numerico-klipxtreme-abacus\\\/#breadcrumb\"},\"inLanguage\":\"es-CL\",\"potentialAction\":[{\"@type\":\"ReadAction\",\"target\":[\"https:\\\/\\\/dtchile.cl\\\/product\\\/teclado-numerico-klipxtreme-abacus\\\/\"]}]},{\"@type\":\"ImageObject\",\"inLanguage\":\"es-CL\",\"@id\":\"https:\\\/\\\/dtchile.cl\\\/product\\\/teclado-numerico-klipxtreme-abacus\\\/#primaryimage\",\"url\":\"https:\\\/\\\/dtchile.cl\\\/wp-content\\\/uploads\\\/2023\\\/06\\\/KNP-100-detalle-00.jpg\",\"contentUrl\":\"https:\\\/\\\/dtchile.cl\\\/wp-content\\\/uploads\\\/2023\\\/06\\\/KNP-100-detalle-00.jpg\",\"width\":1300,\"height\":1300},{\"@type\":\"BreadcrumbList\",\"@id\":\"https:\\\/\\\/dtchile.cl\\\/product\\\/teclado-numerico-klipxtreme-abacus\\\/#breadcrumb\",\"itemListElement\":[{\"@type\":\"ListItem\",\"position\":1,\"name\":\"Portada\",\"item\":\"https:\\\/\\\/dtchile.cl\\\/\"},{\"@type\":\"ListItem\",\"position\":2,\"name\":\"Shop\",\"item\":\"https:\\\/\\\/dtchile.cl\\\/shop\\\/\"},{\"@type\":\"ListItem\",\"position\":3,\"name\":\"TECLADO NUM\u00c9RICO KLIPXTREME ABACUS KNP-100\"}]},{\"@type\":\"WebSite\",\"@id\":\"https:\\\/\\\/dtchile.cl\\\/#website\",\"url\":\"https:\\\/\\\/dtchile.cl\\\/\",\"name\":\"DT CHILE\",\"description\":\"COMPUTACI\u00d3N\",\"publisher\":{\"@id\":\"https:\\\/\\\/dtchile.cl\\\/#organization\"},\"potentialAction\":[{\"@type\":\"SearchAction\",\"target\":{\"@type\":\"EntryPoint\",\"urlTemplate\":\"https:\\\/\\\/dtchile.cl\\\/?s={search_term_string}\"},\"query-input\":{\"@type\":\"PropertyValueSpecification\",\"valueRequired\":true,\"valueName\":\"search_term_string\"}}],\"inLanguage\":\"es-CL\"},{\"@type\":\"Organization\",\"@id\":\"https:\\\/\\\/dtchile.cl\\\/#organization\",\"name\":\"DT CHILE\",\"url\":\"https:\\\/\\\/dtchile.cl\\\/\",\"logo\":{\"@type\":\"ImageObject\",\"inLanguage\":\"es-CL\",\"@id\":\"https:\\\/\\\/dtchile.cl\\\/#\\\/schema\\\/logo\\\/image\\\/\",\"url\":\"https:\\\/\\\/dtchile.cl\\\/wp-content\\\/uploads\\\/2023\\\/05\\\/logo.png\",\"contentUrl\":\"https:\\\/\\\/dtchile.cl\\\/wp-content\\\/uploads\\\/2023\\\/05\\\/logo.png\",\"width\":1280,\"height\":363,\"caption\":\"DT CHILE\"},\"image\":{\"@id\":\"https:\\\/\\\/dtchile.cl\\\/#\\\/schema\\\/logo\\\/image\\\/\"},\"sameAs\":[\"https:\\\/\\\/web.facebook.com\\\/Dtchile.Maule?locale=es_LA\",\"https:\\\/\\\/www.instagram.com\\\/dtchile_computacion\"]}]}<\/script>\n<!-- \/ Yoast SEO Premium plugin. -->","yoast_head_json":{"title":"TECLADO NUM\u00c9RICO KLIPXTREME ABACUS KNP-100 - DT CHILE","robots":{"index":"index","follow":"follow","max-snippet":"max-snippet:-1","max-image-preview":"max-image-preview:large","max-video-preview":"max-video-preview:-1"},"canonical":"https:\/\/dtchile.cl\/es\/product\/teclado-numerico-klipxtreme-abacus\/","og_locale":"es_ES","og_type":"article","og_title":"TECLADO NUM\u00c9RICO KLIPXTREME ABACUS KNP-100","og_description":"Teclado est\u00e1ndar de 19 teclas, ideal para trabajo de digitaci\u00f3n en equipos sin teclado num\u00e9rico.","og_url":"https:\/\/dtchile.cl\/es\/product\/teclado-numerico-klipxtreme-abacus\/","og_site_name":"DT CHILE","article_publisher":"https:\/\/web.facebook.com\/Dtchile.Maule?locale=es_LA","article_modified_time":"2025-06-18T18:52:59+00:00","og_image":[{"width":1300,"height":1300,"url":"https:\/\/dtchile.cl\/wp-content\/uploads\/2023\/06\/KNP-100-detalle-00.jpg","type":"image\/jpeg"}],"twitter_card":"summary_large_image","twitter_misc":{"Tiempo estimado de lectura":"2 minutos"},"schema":{"@context":"https:\/\/schema.org","@graph":[{"@type":"WebPage","@id":"https:\/\/dtchile.cl\/product\/teclado-numerico-klipxtreme-abacus\/","url":"https:\/\/dtchile.cl\/product\/teclado-numerico-klipxtreme-abacus\/","name":"TECLADO NUM\u00c9RICO KLIPXTREME ABACUS KNP-100 - DT CHILE","isPartOf":{"@id":"https:\/\/dtchile.cl\/#website"},"primaryImageOfPage":{"@id":"https:\/\/dtchile.cl\/product\/teclado-numerico-klipxtreme-abacus\/#primaryimage"},"image":{"@id":"https:\/\/dtchile.cl\/product\/teclado-numerico-klipxtreme-abacus\/#primaryimage"},"thumbnailUrl":"https:\/\/dtchile.cl\/wp-content\/uploads\/2023\/06\/KNP-100-detalle-00.jpg","datePublished":"2023-06-23T18:39:13+00:00","dateModified":"2025-06-18T18:52:59+00:00","breadcrumb":{"@id":"https:\/\/dtchile.cl\/product\/teclado-numerico-klipxtreme-abacus\/#breadcrumb"},"inLanguage":"es-CL","potentialAction":[{"@type":"ReadAction","target":["https:\/\/dtchile.cl\/product\/teclado-numerico-klipxtreme-abacus\/"]}]},{"@type":"ImageObject","inLanguage":"es-CL","@id":"https:\/\/dtchile.cl\/product\/teclado-numerico-klipxtreme-abacus\/#primaryimage","url":"https:\/\/dtchile.cl\/wp-content\/uploads\/2023\/06\/KNP-100-detalle-00.jpg","contentUrl":"https:\/\/dtchile.cl\/wp-content\/uploads\/2023\/06\/KNP-100-detalle-00.jpg","width":1300,"height":1300},{"@type":"BreadcrumbList","@id":"https:\/\/dtchile.cl\/product\/teclado-numerico-klipxtreme-abacus\/#breadcrumb","itemListElement":[{"@type":"ListItem","position":1,"name":"Portada","item":"https:\/\/dtchile.cl\/"},{"@type":"ListItem","position":2,"name":"Shop","item":"https:\/\/dtchile.cl\/shop\/"},{"@type":"ListItem","position":3,"name":"TECLADO NUM\u00c9RICO KLIPXTREME ABACUS KNP-100"}]},{"@type":"WebSite","@id":"https:\/\/dtchile.cl\/#website","url":"https:\/\/dtchile.cl\/","name":"DT CHILE","description":"COMPUTACI\u00d3N","publisher":{"@id":"https:\/\/dtchile.cl\/#organization"},"potentialAction":[{"@type":"SearchAction","target":{"@type":"EntryPoint","urlTemplate":"https:\/\/dtchile.cl\/?s={search_term_string}"},"query-input":{"@type":"PropertyValueSpecification","valueRequired":true,"valueName":"search_term_string"}}],"inLanguage":"es-CL"},{"@type":"Organization","@id":"https:\/\/dtchile.cl\/#organization","name":"DT CHILE","url":"https:\/\/dtchile.cl\/","logo":{"@type":"ImageObject","inLanguage":"es-CL","@id":"https:\/\/dtchile.cl\/#\/schema\/logo\/image\/","url":"https:\/\/dtchile.cl\/wp-content\/uploads\/2023\/05\/logo.png","contentUrl":"https:\/\/dtchile.cl\/wp-content\/uploads\/2023\/05\/logo.png","width":1280,"height":363,"caption":"DT CHILE"},"image":{"@id":"https:\/\/dtchile.cl\/#\/schema\/logo\/image\/"},"sameAs":["https:\/\/web.facebook.com\/Dtchile.Maule?locale=es_LA","https:\/\/www.instagram.com\/dtchile_computacion"]}]}},"_links":{"self":[{"href":"https:\/\/dtchile.cl\/es\/wp-json\/wp\/v2\/product\/4429","targetHints":{"allow":["GET"]}}],"collection":[{"href":"https:\/\/dtchile.cl\/es\/wp-json\/wp\/v2\/product"}],"about":[{"href":"https:\/\/dtchile.cl\/es\/wp-json\/wp\/v2\/types\/product"}],"wp:featuredmedia":[{"embeddable":true,"href":"https:\/\/dtchile.cl\/es\/wp-json\/wp\/v2\/media\/6583"}],"wp:attachment":[{"href":"https:\/\/dtchile.cl\/es\/wp-json\/wp\/v2\/media?parent=4429"}],"wp:term":[{"taxonomy":"product_brand","embeddable":true,"href":"https:\/\/dtchile.cl\/es\/wp-json\/wp\/v2\/product_brand?post=4429"},{"taxonomy":"product_cat","embeddable":true,"href":"https:\/\/dtchile.cl\/es\/wp-json\/wp\/v2\/product_cat?post=4429"},{"taxonomy":"product_tag","embeddable":true,"href":"https:\/\/dtchile.cl\/es\/wp-json\/wp\/v2\/product_tag?post=4429"}],"curies":[{"name":"wp","href":"https:\/\/api.w.org\/{rel}","templated":true}]}}