{"id":4113,"date":"2023-06-14T18:17:55","date_gmt":"2023-06-14T22:17:55","guid":{"rendered":"https:\/\/dtchile.cl\/?post_type=product&#038;p=4113"},"modified":"2026-04-13T17:15:27","modified_gmt":"2026-04-13T21:15:27","slug":"cargador-2-puertos-usb-c-usb-carga-rapida-20w-tecmaster","status":"publish","type":"product","link":"https:\/\/dtchile.cl\/es\/product\/cargador-2-puertos-usb-c-usb-carga-rapida-20w-tecmaster\/","title":{"rendered":"CARGADOR 2 PUERTOS (USB-C + USB-A) Carga R\u00e1pida 20W \u2013 Tecmaster TM-200523"},"content":{"rendered":"<p>&#8211; Tipo de puertos: USB A: Q.C + Tipo-C: PD .<br \/>\n&#8211; Carga r\u00e1pida 20W M\u00c1X.<br \/>\n&#8211; Tecnolog\u00eda Q.C 3.0 + PD s\u00faper carga Chip inteligente de carga se adapta autom\u00e1ticamente para una carga r\u00e1pida y eficiente.<br \/>\n&#8211; El tipo C admite el protocolo de carga r\u00e1pida, PD2.0 \/ PD3.0.<br \/>\n&#8211; USB admite el protocolo de carga r\u00e1pida, QC2.0 \/ QC3.0, carga r\u00e1pida.<br \/>\n&#8211; No incluye cable.<\/p>","protected":false},"excerpt":{"rendered":"<p>Modelo Tecmaster TM-200523<br \/>\nCargador USB C y USB Carga R\u00e1pida 20W.<\/p>","protected":false},"featured_media":4114,"template":"","meta":{"_joinchat":[]},"product_brand":[],"product_cat":[252,24],"product_tag":[],"class_list":{"0":"post-4113","1":"product","2":"type-product","3":"status-publish","4":"has-post-thumbnail","6":"product_cat-cargador-celulares","7":"product_cat-celulares","9":"first","10":"instock","11":"sale","12":"shipping-taxable","13":"purchasable","14":"product-type-simple"},"yoast_head":"<!-- This site is optimized with the Yoast SEO Premium plugin v24.5 (Yoast SEO v27.4) - https:\/\/yoast.com\/product\/yoast-seo-premium-wordpress\/ -->\n<title>CARGADOR 2 PUERTOS (USB-C + USB-A) Carga R\u00e1pida 20W \u2013 Tecmaster TM-200523 - DT CHILE<\/title>\n<meta name=\"robots\" content=\"index, follow, max-snippet:-1, max-image-preview:large, max-video-preview:-1\" \/>\n<link rel=\"canonical\" href=\"https:\/\/dtchile.cl\/es\/product\/cargador-2-puertos-usb-c-usb-carga-rapida-20w-tecmaster\/\" \/>\n<meta property=\"og:locale\" content=\"es_ES\" \/>\n<meta property=\"og:type\" content=\"article\" \/>\n<meta property=\"og:title\" content=\"CARGADOR 2 PUERTOS (USB-C + USB-A) Carga R\u00e1pida 20W \u2013 Tecmaster TM-200523\" \/>\n<meta property=\"og:description\" content=\"Modelo Tecmaster TM-200523 Cargador USB C y USB Carga R\u00e1pida 20W.\" \/>\n<meta property=\"og:url\" content=\"https:\/\/dtchile.cl\/es\/product\/cargador-2-puertos-usb-c-usb-carga-rapida-20w-tecmaster\/\" \/>\n<meta property=\"og:site_name\" content=\"DT CHILE\" \/>\n<meta property=\"article:publisher\" content=\"https:\/\/web.facebook.com\/Dtchile.Maule?locale=es_LA\" \/>\n<meta property=\"article:modified_time\" content=\"2026-04-13T21:15:27+00:00\" \/>\n<meta property=\"og:image\" content=\"https:\/\/dtchile.cl\/wp-content\/uploads\/2023\/06\/tecmaster_TM-200523_01.jpg\" \/>\n\t<meta property=\"og:image:width\" content=\"1000\" \/>\n\t<meta property=\"og:image:height\" content=\"1000\" \/>\n\t<meta property=\"og:image:type\" content=\"image\/jpeg\" \/>\n<meta name=\"twitter:card\" content=\"summary_large_image\" \/>\n<script type=\"application\/ld+json\" class=\"yoast-schema-graph\">{\"@context\":\"https:\\\/\\\/schema.org\",\"@graph\":[{\"@type\":\"WebPage\",\"@id\":\"https:\\\/\\\/dtchile.cl\\\/product\\\/cargador-2-puertos-usb-c-usb-carga-rapida-20w-tecmaster\\\/\",\"url\":\"https:\\\/\\\/dtchile.cl\\\/product\\\/cargador-2-puertos-usb-c-usb-carga-rapida-20w-tecmaster\\\/\",\"name\":\"CARGADOR 2 PUERTOS (USB-C + USB-A) Carga R\u00e1pida 20W \u2013 Tecmaster TM-200523 - DT CHILE\",\"isPartOf\":{\"@id\":\"https:\\\/\\\/dtchile.cl\\\/#website\"},\"primaryImageOfPage\":{\"@id\":\"https:\\\/\\\/dtchile.cl\\\/product\\\/cargador-2-puertos-usb-c-usb-carga-rapida-20w-tecmaster\\\/#primaryimage\"},\"image\":{\"@id\":\"https:\\\/\\\/dtchile.cl\\\/product\\\/cargador-2-puertos-usb-c-usb-carga-rapida-20w-tecmaster\\\/#primaryimage\"},\"thumbnailUrl\":\"https:\\\/\\\/dtchile.cl\\\/wp-content\\\/uploads\\\/2023\\\/06\\\/tecmaster_TM-200523_01.jpg\",\"datePublished\":\"2023-06-14T22:17:55+00:00\",\"dateModified\":\"2026-04-13T21:15:27+00:00\",\"breadcrumb\":{\"@id\":\"https:\\\/\\\/dtchile.cl\\\/product\\\/cargador-2-puertos-usb-c-usb-carga-rapida-20w-tecmaster\\\/#breadcrumb\"},\"inLanguage\":\"es-CL\",\"potentialAction\":[{\"@type\":\"ReadAction\",\"target\":[\"https:\\\/\\\/dtchile.cl\\\/product\\\/cargador-2-puertos-usb-c-usb-carga-rapida-20w-tecmaster\\\/\"]}]},{\"@type\":\"ImageObject\",\"inLanguage\":\"es-CL\",\"@id\":\"https:\\\/\\\/dtchile.cl\\\/product\\\/cargador-2-puertos-usb-c-usb-carga-rapida-20w-tecmaster\\\/#primaryimage\",\"url\":\"https:\\\/\\\/dtchile.cl\\\/wp-content\\\/uploads\\\/2023\\\/06\\\/tecmaster_TM-200523_01.jpg\",\"contentUrl\":\"https:\\\/\\\/dtchile.cl\\\/wp-content\\\/uploads\\\/2023\\\/06\\\/tecmaster_TM-200523_01.jpg\",\"width\":1000,\"height\":1000},{\"@type\":\"BreadcrumbList\",\"@id\":\"https:\\\/\\\/dtchile.cl\\\/product\\\/cargador-2-puertos-usb-c-usb-carga-rapida-20w-tecmaster\\\/#breadcrumb\",\"itemListElement\":[{\"@type\":\"ListItem\",\"position\":1,\"name\":\"Portada\",\"item\":\"https:\\\/\\\/dtchile.cl\\\/\"},{\"@type\":\"ListItem\",\"position\":2,\"name\":\"Shop\",\"item\":\"https:\\\/\\\/dtchile.cl\\\/shop\\\/\"},{\"@type\":\"ListItem\",\"position\":3,\"name\":\"CARGADOR 2 PUERTOS (USB-C + USB-A) Carga R\u00e1pida 20W \u2013 Tecmaster TM-200523\"}]},{\"@type\":\"WebSite\",\"@id\":\"https:\\\/\\\/dtchile.cl\\\/#website\",\"url\":\"https:\\\/\\\/dtchile.cl\\\/\",\"name\":\"DT CHILE\",\"description\":\"COMPUTACI\u00d3N\",\"publisher\":{\"@id\":\"https:\\\/\\\/dtchile.cl\\\/#organization\"},\"potentialAction\":[{\"@type\":\"SearchAction\",\"target\":{\"@type\":\"EntryPoint\",\"urlTemplate\":\"https:\\\/\\\/dtchile.cl\\\/?s={search_term_string}\"},\"query-input\":{\"@type\":\"PropertyValueSpecification\",\"valueRequired\":true,\"valueName\":\"search_term_string\"}}],\"inLanguage\":\"es-CL\"},{\"@type\":\"Organization\",\"@id\":\"https:\\\/\\\/dtchile.cl\\\/#organization\",\"name\":\"DT CHILE\",\"url\":\"https:\\\/\\\/dtchile.cl\\\/\",\"logo\":{\"@type\":\"ImageObject\",\"inLanguage\":\"es-CL\",\"@id\":\"https:\\\/\\\/dtchile.cl\\\/#\\\/schema\\\/logo\\\/image\\\/\",\"url\":\"https:\\\/\\\/dtchile.cl\\\/wp-content\\\/uploads\\\/2023\\\/05\\\/logo.png\",\"contentUrl\":\"https:\\\/\\\/dtchile.cl\\\/wp-content\\\/uploads\\\/2023\\\/05\\\/logo.png\",\"width\":1280,\"height\":363,\"caption\":\"DT CHILE\"},\"image\":{\"@id\":\"https:\\\/\\\/dtchile.cl\\\/#\\\/schema\\\/logo\\\/image\\\/\"},\"sameAs\":[\"https:\\\/\\\/web.facebook.com\\\/Dtchile.Maule?locale=es_LA\",\"https:\\\/\\\/www.instagram.com\\\/dtchile_computacion\"]}]}<\/script>\n<!-- \/ Yoast SEO Premium plugin. -->","yoast_head_json":{"title":"CARGADOR 2 PUERTOS (USB-C + USB-A) Carga R\u00e1pida 20W \u2013 Tecmaster TM-200523 - DT CHILE","robots":{"index":"index","follow":"follow","max-snippet":"max-snippet:-1","max-image-preview":"max-image-preview:large","max-video-preview":"max-video-preview:-1"},"canonical":"https:\/\/dtchile.cl\/es\/product\/cargador-2-puertos-usb-c-usb-carga-rapida-20w-tecmaster\/","og_locale":"es_ES","og_type":"article","og_title":"CARGADOR 2 PUERTOS (USB-C + USB-A) Carga R\u00e1pida 20W \u2013 Tecmaster TM-200523","og_description":"Modelo Tecmaster TM-200523 Cargador USB C y USB Carga R\u00e1pida 20W.","og_url":"https:\/\/dtchile.cl\/es\/product\/cargador-2-puertos-usb-c-usb-carga-rapida-20w-tecmaster\/","og_site_name":"DT CHILE","article_publisher":"https:\/\/web.facebook.com\/Dtchile.Maule?locale=es_LA","article_modified_time":"2026-04-13T21:15:27+00:00","og_image":[{"width":1000,"height":1000,"url":"https:\/\/dtchile.cl\/wp-content\/uploads\/2023\/06\/tecmaster_TM-200523_01.jpg","type":"image\/jpeg"}],"twitter_card":"summary_large_image","schema":{"@context":"https:\/\/schema.org","@graph":[{"@type":"WebPage","@id":"https:\/\/dtchile.cl\/product\/cargador-2-puertos-usb-c-usb-carga-rapida-20w-tecmaster\/","url":"https:\/\/dtchile.cl\/product\/cargador-2-puertos-usb-c-usb-carga-rapida-20w-tecmaster\/","name":"CARGADOR 2 PUERTOS (USB-C + USB-A) Carga R\u00e1pida 20W \u2013 Tecmaster TM-200523 - DT CHILE","isPartOf":{"@id":"https:\/\/dtchile.cl\/#website"},"primaryImageOfPage":{"@id":"https:\/\/dtchile.cl\/product\/cargador-2-puertos-usb-c-usb-carga-rapida-20w-tecmaster\/#primaryimage"},"image":{"@id":"https:\/\/dtchile.cl\/product\/cargador-2-puertos-usb-c-usb-carga-rapida-20w-tecmaster\/#primaryimage"},"thumbnailUrl":"https:\/\/dtchile.cl\/wp-content\/uploads\/2023\/06\/tecmaster_TM-200523_01.jpg","datePublished":"2023-06-14T22:17:55+00:00","dateModified":"2026-04-13T21:15:27+00:00","breadcrumb":{"@id":"https:\/\/dtchile.cl\/product\/cargador-2-puertos-usb-c-usb-carga-rapida-20w-tecmaster\/#breadcrumb"},"inLanguage":"es-CL","potentialAction":[{"@type":"ReadAction","target":["https:\/\/dtchile.cl\/product\/cargador-2-puertos-usb-c-usb-carga-rapida-20w-tecmaster\/"]}]},{"@type":"ImageObject","inLanguage":"es-CL","@id":"https:\/\/dtchile.cl\/product\/cargador-2-puertos-usb-c-usb-carga-rapida-20w-tecmaster\/#primaryimage","url":"https:\/\/dtchile.cl\/wp-content\/uploads\/2023\/06\/tecmaster_TM-200523_01.jpg","contentUrl":"https:\/\/dtchile.cl\/wp-content\/uploads\/2023\/06\/tecmaster_TM-200523_01.jpg","width":1000,"height":1000},{"@type":"BreadcrumbList","@id":"https:\/\/dtchile.cl\/product\/cargador-2-puertos-usb-c-usb-carga-rapida-20w-tecmaster\/#breadcrumb","itemListElement":[{"@type":"ListItem","position":1,"name":"Portada","item":"https:\/\/dtchile.cl\/"},{"@type":"ListItem","position":2,"name":"Shop","item":"https:\/\/dtchile.cl\/shop\/"},{"@type":"ListItem","position":3,"name":"CARGADOR 2 PUERTOS (USB-C + USB-A) Carga R\u00e1pida 20W \u2013 Tecmaster TM-200523"}]},{"@type":"WebSite","@id":"https:\/\/dtchile.cl\/#website","url":"https:\/\/dtchile.cl\/","name":"DT CHILE","description":"COMPUTACI\u00d3N","publisher":{"@id":"https:\/\/dtchile.cl\/#organization"},"potentialAction":[{"@type":"SearchAction","target":{"@type":"EntryPoint","urlTemplate":"https:\/\/dtchile.cl\/?s={search_term_string}"},"query-input":{"@type":"PropertyValueSpecification","valueRequired":true,"valueName":"search_term_string"}}],"inLanguage":"es-CL"},{"@type":"Organization","@id":"https:\/\/dtchile.cl\/#organization","name":"DT CHILE","url":"https:\/\/dtchile.cl\/","logo":{"@type":"ImageObject","inLanguage":"es-CL","@id":"https:\/\/dtchile.cl\/#\/schema\/logo\/image\/","url":"https:\/\/dtchile.cl\/wp-content\/uploads\/2023\/05\/logo.png","contentUrl":"https:\/\/dtchile.cl\/wp-content\/uploads\/2023\/05\/logo.png","width":1280,"height":363,"caption":"DT CHILE"},"image":{"@id":"https:\/\/dtchile.cl\/#\/schema\/logo\/image\/"},"sameAs":["https:\/\/web.facebook.com\/Dtchile.Maule?locale=es_LA","https:\/\/www.instagram.com\/dtchile_computacion"]}]}},"_links":{"self":[{"href":"https:\/\/dtchile.cl\/es\/wp-json\/wp\/v2\/product\/4113","targetHints":{"allow":["GET"]}}],"collection":[{"href":"https:\/\/dtchile.cl\/es\/wp-json\/wp\/v2\/product"}],"about":[{"href":"https:\/\/dtchile.cl\/es\/wp-json\/wp\/v2\/types\/product"}],"wp:featuredmedia":[{"embeddable":true,"href":"https:\/\/dtchile.cl\/es\/wp-json\/wp\/v2\/media\/4114"}],"wp:attachment":[{"href":"https:\/\/dtchile.cl\/es\/wp-json\/wp\/v2\/media?parent=4113"}],"wp:term":[{"taxonomy":"product_brand","embeddable":true,"href":"https:\/\/dtchile.cl\/es\/wp-json\/wp\/v2\/product_brand?post=4113"},{"taxonomy":"product_cat","embeddable":true,"href":"https:\/\/dtchile.cl\/es\/wp-json\/wp\/v2\/product_cat?post=4113"},{"taxonomy":"product_tag","embeddable":true,"href":"https:\/\/dtchile.cl\/es\/wp-json\/wp\/v2\/product_tag?post=4113"}],"curies":[{"name":"wp","href":"https:\/\/api.w.org\/{rel}","templated":true}]}}