{"id":3970,"date":"2023-06-12T18:39:42","date_gmt":"2023-06-12T22:39:42","guid":{"rendered":"https:\/\/dtchile.cl\/?post_type=product&#038;p=3970"},"modified":"2024-10-01T15:35:26","modified_gmt":"2024-10-01T18:35:26","slug":"adaptador-red-usb-c-a-ethernet-rj45-tecmaster","status":"publish","type":"product","link":"https:\/\/dtchile.cl\/es\/product\/adaptador-red-usb-c-a-ethernet-rj45-tecmaster\/","title":{"rendered":"ADAPTADOR RED USB-C A GIGABIT ETHERNET RJ45 &#8211; Tecmaster"},"content":{"rendered":"<p>El adaptador posee un dise\u00f1o innovador y practico de alta tecnolog\u00eda, con una entrada tipo-C y Salida RJ45. Velocidad de transmisi\u00f3n hasta 1000 Mbps.<\/p>\n<p>&#8211; Longitud del cable: 180 mm<br \/>\n&#8211; Conjunto de chips: RTL8153<br \/>\n&#8211; Velocidades compatibles transmisi\u00f3n: 10\/100\/1000 Mbps<br \/>\n&#8211; Compatible: Windows 11,10, Windows 8,7, vista, XP, Mac con OS X v10.8 o superior, Google<\/p>","protected":false},"excerpt":{"rendered":"<p>Modelo TM-100537<br \/>\nAdaptador Tipo-C 3.1 a Ethernet Gigabyte<br \/>\nVelocidades compatibles transmisi\u00f3n: 10\/100\/1000 Mbps<\/p>","protected":false},"featured_media":3971,"template":"","meta":{"_joinchat":[]},"product_brand":[],"product_cat":[42],"product_tag":[],"class_list":{"0":"post-3970","1":"product","2":"type-product","3":"status-publish","4":"has-post-thumbnail","6":"product_cat-redes","8":"first","9":"outofstock","10":"shipping-taxable","11":"purchasable","12":"product-type-simple"},"yoast_head":"<!-- This site is optimized with the Yoast SEO Premium plugin v24.5 (Yoast SEO v27.3) - https:\/\/yoast.com\/product\/yoast-seo-premium-wordpress\/ -->\n<title>ADAPTADOR RED USB-C A GIGABIT ETHERNET RJ45 - Tecmaster - DT CHILE<\/title>\n<meta name=\"robots\" content=\"index, follow, max-snippet:-1, max-image-preview:large, max-video-preview:-1\" \/>\n<link rel=\"canonical\" href=\"https:\/\/dtchile.cl\/es\/product\/adaptador-red-usb-c-a-ethernet-rj45-tecmaster\/\" \/>\n<meta property=\"og:locale\" content=\"es_ES\" \/>\n<meta property=\"og:type\" content=\"article\" \/>\n<meta property=\"og:title\" content=\"ADAPTADOR RED USB-C A GIGABIT ETHERNET RJ45 - Tecmaster\" \/>\n<meta property=\"og:description\" content=\"Modelo TM-100537 Adaptador Tipo-C 3.1 a Ethernet Gigabyte Velocidades compatibles transmisi\u00f3n: 10\/100\/1000 Mbps\" \/>\n<meta property=\"og:url\" content=\"https:\/\/dtchile.cl\/es\/product\/adaptador-red-usb-c-a-ethernet-rj45-tecmaster\/\" \/>\n<meta property=\"og:site_name\" content=\"DT CHILE\" \/>\n<meta property=\"article:publisher\" content=\"https:\/\/web.facebook.com\/Dtchile.Maule?locale=es_LA\" \/>\n<meta property=\"article:modified_time\" content=\"2024-10-01T18:35:26+00:00\" \/>\n<meta property=\"og:image\" content=\"https:\/\/dtchile.cl\/wp-content\/uploads\/2023\/06\/tecmaster_usbC_athernet_01.jpeg\" \/>\n\t<meta property=\"og:image:width\" content=\"800\" \/>\n\t<meta property=\"og:image:height\" content=\"800\" \/>\n\t<meta property=\"og:image:type\" content=\"image\/jpeg\" \/>\n<meta name=\"twitter:card\" content=\"summary_large_image\" \/>\n<script type=\"application\/ld+json\" class=\"yoast-schema-graph\">{\"@context\":\"https:\\\/\\\/schema.org\",\"@graph\":[{\"@type\":\"WebPage\",\"@id\":\"https:\\\/\\\/dtchile.cl\\\/product\\\/adaptador-red-usb-c-a-ethernet-rj45-tecmaster\\\/\",\"url\":\"https:\\\/\\\/dtchile.cl\\\/product\\\/adaptador-red-usb-c-a-ethernet-rj45-tecmaster\\\/\",\"name\":\"ADAPTADOR RED USB-C A GIGABIT ETHERNET RJ45 - Tecmaster - DT CHILE\",\"isPartOf\":{\"@id\":\"https:\\\/\\\/dtchile.cl\\\/#website\"},\"primaryImageOfPage\":{\"@id\":\"https:\\\/\\\/dtchile.cl\\\/product\\\/adaptador-red-usb-c-a-ethernet-rj45-tecmaster\\\/#primaryimage\"},\"image\":{\"@id\":\"https:\\\/\\\/dtchile.cl\\\/product\\\/adaptador-red-usb-c-a-ethernet-rj45-tecmaster\\\/#primaryimage\"},\"thumbnailUrl\":\"https:\\\/\\\/dtchile.cl\\\/wp-content\\\/uploads\\\/2023\\\/06\\\/tecmaster_usbC_athernet_01.jpeg\",\"datePublished\":\"2023-06-12T22:39:42+00:00\",\"dateModified\":\"2024-10-01T18:35:26+00:00\",\"breadcrumb\":{\"@id\":\"https:\\\/\\\/dtchile.cl\\\/product\\\/adaptador-red-usb-c-a-ethernet-rj45-tecmaster\\\/#breadcrumb\"},\"inLanguage\":\"es-CL\",\"potentialAction\":[{\"@type\":\"ReadAction\",\"target\":[\"https:\\\/\\\/dtchile.cl\\\/product\\\/adaptador-red-usb-c-a-ethernet-rj45-tecmaster\\\/\"]}]},{\"@type\":\"ImageObject\",\"inLanguage\":\"es-CL\",\"@id\":\"https:\\\/\\\/dtchile.cl\\\/product\\\/adaptador-red-usb-c-a-ethernet-rj45-tecmaster\\\/#primaryimage\",\"url\":\"https:\\\/\\\/dtchile.cl\\\/wp-content\\\/uploads\\\/2023\\\/06\\\/tecmaster_usbC_athernet_01.jpeg\",\"contentUrl\":\"https:\\\/\\\/dtchile.cl\\\/wp-content\\\/uploads\\\/2023\\\/06\\\/tecmaster_usbC_athernet_01.jpeg\",\"width\":800,\"height\":800},{\"@type\":\"BreadcrumbList\",\"@id\":\"https:\\\/\\\/dtchile.cl\\\/product\\\/adaptador-red-usb-c-a-ethernet-rj45-tecmaster\\\/#breadcrumb\",\"itemListElement\":[{\"@type\":\"ListItem\",\"position\":1,\"name\":\"Portada\",\"item\":\"https:\\\/\\\/dtchile.cl\\\/\"},{\"@type\":\"ListItem\",\"position\":2,\"name\":\"Shop\",\"item\":\"https:\\\/\\\/dtchile.cl\\\/shop\\\/\"},{\"@type\":\"ListItem\",\"position\":3,\"name\":\"ADAPTADOR RED USB-C A GIGABIT ETHERNET RJ45 &#8211; Tecmaster\"}]},{\"@type\":\"WebSite\",\"@id\":\"https:\\\/\\\/dtchile.cl\\\/#website\",\"url\":\"https:\\\/\\\/dtchile.cl\\\/\",\"name\":\"DT CHILE\",\"description\":\"COMPUTACI\u00d3N\",\"publisher\":{\"@id\":\"https:\\\/\\\/dtchile.cl\\\/#organization\"},\"potentialAction\":[{\"@type\":\"SearchAction\",\"target\":{\"@type\":\"EntryPoint\",\"urlTemplate\":\"https:\\\/\\\/dtchile.cl\\\/?s={search_term_string}\"},\"query-input\":{\"@type\":\"PropertyValueSpecification\",\"valueRequired\":true,\"valueName\":\"search_term_string\"}}],\"inLanguage\":\"es-CL\"},{\"@type\":\"Organization\",\"@id\":\"https:\\\/\\\/dtchile.cl\\\/#organization\",\"name\":\"DT CHILE\",\"url\":\"https:\\\/\\\/dtchile.cl\\\/\",\"logo\":{\"@type\":\"ImageObject\",\"inLanguage\":\"es-CL\",\"@id\":\"https:\\\/\\\/dtchile.cl\\\/#\\\/schema\\\/logo\\\/image\\\/\",\"url\":\"https:\\\/\\\/dtchile.cl\\\/wp-content\\\/uploads\\\/2023\\\/05\\\/logo.png\",\"contentUrl\":\"https:\\\/\\\/dtchile.cl\\\/wp-content\\\/uploads\\\/2023\\\/05\\\/logo.png\",\"width\":1280,\"height\":363,\"caption\":\"DT CHILE\"},\"image\":{\"@id\":\"https:\\\/\\\/dtchile.cl\\\/#\\\/schema\\\/logo\\\/image\\\/\"},\"sameAs\":[\"https:\\\/\\\/web.facebook.com\\\/Dtchile.Maule?locale=es_LA\",\"https:\\\/\\\/www.instagram.com\\\/dtchile_computacion\"]}]}<\/script>\n<!-- \/ Yoast SEO Premium plugin. -->","yoast_head_json":{"title":"ADAPTADOR RED USB-C A GIGABIT ETHERNET RJ45 - Tecmaster - DT CHILE","robots":{"index":"index","follow":"follow","max-snippet":"max-snippet:-1","max-image-preview":"max-image-preview:large","max-video-preview":"max-video-preview:-1"},"canonical":"https:\/\/dtchile.cl\/es\/product\/adaptador-red-usb-c-a-ethernet-rj45-tecmaster\/","og_locale":"es_ES","og_type":"article","og_title":"ADAPTADOR RED USB-C A GIGABIT ETHERNET RJ45 - Tecmaster","og_description":"Modelo TM-100537 Adaptador Tipo-C 3.1 a Ethernet Gigabyte Velocidades compatibles transmisi\u00f3n: 10\/100\/1000 Mbps","og_url":"https:\/\/dtchile.cl\/es\/product\/adaptador-red-usb-c-a-ethernet-rj45-tecmaster\/","og_site_name":"DT CHILE","article_publisher":"https:\/\/web.facebook.com\/Dtchile.Maule?locale=es_LA","article_modified_time":"2024-10-01T18:35:26+00:00","og_image":[{"width":800,"height":800,"url":"https:\/\/dtchile.cl\/wp-content\/uploads\/2023\/06\/tecmaster_usbC_athernet_01.jpeg","type":"image\/jpeg"}],"twitter_card":"summary_large_image","schema":{"@context":"https:\/\/schema.org","@graph":[{"@type":"WebPage","@id":"https:\/\/dtchile.cl\/product\/adaptador-red-usb-c-a-ethernet-rj45-tecmaster\/","url":"https:\/\/dtchile.cl\/product\/adaptador-red-usb-c-a-ethernet-rj45-tecmaster\/","name":"ADAPTADOR RED USB-C A GIGABIT ETHERNET RJ45 - Tecmaster - DT CHILE","isPartOf":{"@id":"https:\/\/dtchile.cl\/#website"},"primaryImageOfPage":{"@id":"https:\/\/dtchile.cl\/product\/adaptador-red-usb-c-a-ethernet-rj45-tecmaster\/#primaryimage"},"image":{"@id":"https:\/\/dtchile.cl\/product\/adaptador-red-usb-c-a-ethernet-rj45-tecmaster\/#primaryimage"},"thumbnailUrl":"https:\/\/dtchile.cl\/wp-content\/uploads\/2023\/06\/tecmaster_usbC_athernet_01.jpeg","datePublished":"2023-06-12T22:39:42+00:00","dateModified":"2024-10-01T18:35:26+00:00","breadcrumb":{"@id":"https:\/\/dtchile.cl\/product\/adaptador-red-usb-c-a-ethernet-rj45-tecmaster\/#breadcrumb"},"inLanguage":"es-CL","potentialAction":[{"@type":"ReadAction","target":["https:\/\/dtchile.cl\/product\/adaptador-red-usb-c-a-ethernet-rj45-tecmaster\/"]}]},{"@type":"ImageObject","inLanguage":"es-CL","@id":"https:\/\/dtchile.cl\/product\/adaptador-red-usb-c-a-ethernet-rj45-tecmaster\/#primaryimage","url":"https:\/\/dtchile.cl\/wp-content\/uploads\/2023\/06\/tecmaster_usbC_athernet_01.jpeg","contentUrl":"https:\/\/dtchile.cl\/wp-content\/uploads\/2023\/06\/tecmaster_usbC_athernet_01.jpeg","width":800,"height":800},{"@type":"BreadcrumbList","@id":"https:\/\/dtchile.cl\/product\/adaptador-red-usb-c-a-ethernet-rj45-tecmaster\/#breadcrumb","itemListElement":[{"@type":"ListItem","position":1,"name":"Portada","item":"https:\/\/dtchile.cl\/"},{"@type":"ListItem","position":2,"name":"Shop","item":"https:\/\/dtchile.cl\/shop\/"},{"@type":"ListItem","position":3,"name":"ADAPTADOR RED USB-C A GIGABIT ETHERNET RJ45 &#8211; Tecmaster"}]},{"@type":"WebSite","@id":"https:\/\/dtchile.cl\/#website","url":"https:\/\/dtchile.cl\/","name":"DT CHILE","description":"COMPUTACI\u00d3N","publisher":{"@id":"https:\/\/dtchile.cl\/#organization"},"potentialAction":[{"@type":"SearchAction","target":{"@type":"EntryPoint","urlTemplate":"https:\/\/dtchile.cl\/?s={search_term_string}"},"query-input":{"@type":"PropertyValueSpecification","valueRequired":true,"valueName":"search_term_string"}}],"inLanguage":"es-CL"},{"@type":"Organization","@id":"https:\/\/dtchile.cl\/#organization","name":"DT CHILE","url":"https:\/\/dtchile.cl\/","logo":{"@type":"ImageObject","inLanguage":"es-CL","@id":"https:\/\/dtchile.cl\/#\/schema\/logo\/image\/","url":"https:\/\/dtchile.cl\/wp-content\/uploads\/2023\/05\/logo.png","contentUrl":"https:\/\/dtchile.cl\/wp-content\/uploads\/2023\/05\/logo.png","width":1280,"height":363,"caption":"DT CHILE"},"image":{"@id":"https:\/\/dtchile.cl\/#\/schema\/logo\/image\/"},"sameAs":["https:\/\/web.facebook.com\/Dtchile.Maule?locale=es_LA","https:\/\/www.instagram.com\/dtchile_computacion"]}]}},"_links":{"self":[{"href":"https:\/\/dtchile.cl\/es\/wp-json\/wp\/v2\/product\/3970","targetHints":{"allow":["GET"]}}],"collection":[{"href":"https:\/\/dtchile.cl\/es\/wp-json\/wp\/v2\/product"}],"about":[{"href":"https:\/\/dtchile.cl\/es\/wp-json\/wp\/v2\/types\/product"}],"wp:featuredmedia":[{"embeddable":true,"href":"https:\/\/dtchile.cl\/es\/wp-json\/wp\/v2\/media\/3971"}],"wp:attachment":[{"href":"https:\/\/dtchile.cl\/es\/wp-json\/wp\/v2\/media?parent=3970"}],"wp:term":[{"taxonomy":"product_brand","embeddable":true,"href":"https:\/\/dtchile.cl\/es\/wp-json\/wp\/v2\/product_brand?post=3970"},{"taxonomy":"product_cat","embeddable":true,"href":"https:\/\/dtchile.cl\/es\/wp-json\/wp\/v2\/product_cat?post=3970"},{"taxonomy":"product_tag","embeddable":true,"href":"https:\/\/dtchile.cl\/es\/wp-json\/wp\/v2\/product_tag?post=3970"}],"curies":[{"name":"wp","href":"https:\/\/api.w.org\/{rel}","templated":true}]}}